{"id":337,"date":"2026-02-09T21:50:52","date_gmt":"2026-02-09T21:50:52","guid":{"rendered":"https:\/\/ejokicomercial.com.ao\/?post_type=product&#038;p=337"},"modified":"2026-02-11T03:29:15","modified_gmt":"2026-02-11T03:29:15","slug":"perfume-asad-original","status":"publish","type":"product","link":"https:\/\/ejokicomercial.com.ao\/index.php\/produto\/perfume-asad-original\/","title":{"rendered":"perfume ASAD original Masculino"},"content":{"rendered":"<p><img fetchpriority=\"high\" decoding=\"async\" class=\"alignnone size-medium wp-image-339\" src=\"https:\/\/ejokicomercial.com.ao\/wp-content\/uploads\/2026\/02\/arabe-77-d03a8b6033ecc5f06917233950992128-1024-1024-240x300.webp\" alt=\"\" width=\"240\" height=\"300\" srcset=\"https:\/\/ejokicomercial.com.ao\/wp-content\/uploads\/2026\/02\/arabe-77-d03a8b6033ecc5f06917233950992128-1024-1024-240x300.webp 240w, https:\/\/ejokicomercial.com.ao\/wp-content\/uploads\/2026\/02\/arabe-77-d03a8b6033ecc5f06917233950992128-1024-1024-819x1024.webp 819w, https:\/\/ejokicomercial.com.ao\/wp-content\/uploads\/2026\/02\/arabe-77-d03a8b6033ecc5f06917233950992128-1024-1024-768x960.webp 768w, https:\/\/ejokicomercial.com.ao\/wp-content\/uploads\/2026\/02\/arabe-77-d03a8b6033ecc5f06917233950992128-1024-1024-600x750.webp 600w, https:\/\/ejokicomercial.com.ao\/wp-content\/uploads\/2026\/02\/arabe-77-d03a8b6033ecc5f06917233950992128-1024-1024.webp 1024w\" sizes=\"(max-width: 240px) 100vw, 240px\" \/><\/p>\n","protected":false},"excerpt":{"rendered":"<p>Compre o ASAD da LATTAFA, fragr\u00e2ncia intensa, marcante e de longa dura\u00e7\u00e3o. Ideal para homens elegantes. Venda segura na EJOKI COMERCIAL.<\/p>\n<p><img fetchpriority=\"high\" decoding=\"async\" class=\"alignnone size-medium wp-image-339\" src=\"https:\/\/ejokicomercial.com.ao\/wp-content\/uploads\/2026\/02\/arabe-77-d03a8b6033ecc5f06917233950992128-1024-1024-240x300.webp\" alt=\"\" width=\"240\" height=\"300\" srcset=\"https:\/\/ejokicomercial.com.ao\/wp-content\/uploads\/2026\/02\/arabe-77-d03a8b6033ecc5f06917233950992128-1024-1024-240x300.webp 240w, https:\/\/ejokicomercial.com.ao\/wp-content\/uploads\/2026\/02\/arabe-77-d03a8b6033ecc5f06917233950992128-1024-1024-819x1024.webp 819w, https:\/\/ejokicomercial.com.ao\/wp-content\/uploads\/2026\/02\/arabe-77-d03a8b6033ecc5f06917233950992128-1024-1024-768x960.webp 768w, https:\/\/ejokicomercial.com.ao\/wp-content\/uploads\/2026\/02\/arabe-77-d03a8b6033ecc5f06917233950992128-1024-1024-600x750.webp 600w, https:\/\/ejokicomercial.com.ao\/wp-content\/uploads\/2026\/02\/arabe-77-d03a8b6033ecc5f06917233950992128-1024-1024.webp 1024w\" sizes=\"(max-width: 240px) 100vw, 240px\" \/><\/p>\n","protected":false},"featured_media":0,"comment_status":"open","ping_status":"closed","template":"","meta":[],"product_brand":[],"product_cat":[36,31],"product_tag":[],"class_list":{"0":"post-337","1":"product","2":"type-product","3":"status-publish","5":"product_cat-best-seller","6":"product_cat-pfm","8":"first","9":"instock","10":"sale","11":"taxable","12":"shipping-taxable","13":"purchasable","14":"product-type-simple"},"yoast_head":"<!-- This site is optimized with the Yoast SEO plugin v27.3 - https:\/\/yoast.com\/product\/yoast-seo-wordpress\/ -->\n<title>perfume ASAD original Masculino |EJOKI COMERCIAL<\/title>\n<meta name=\"description\" content=\"Compre o perfume ASAD original Masculino, fragr\u00e2ncia intensa, marcante e de longa dura\u00e7\u00e3o. Ideal para homens elegantes. Venda segura na EJOKI COMERCIAL\" \/>\n<meta name=\"robots\" content=\"index, follow, max-snippet:-1, max-image-preview:large, max-video-preview:-1\" \/>\n<link rel=\"canonical\" href=\"https:\/\/ejokicomercial.com.ao\/index.php\/produto\/perfume-asad-original\/\" \/>\n<meta property=\"og:locale\" content=\"pt_BR\" \/>\n<meta property=\"og:type\" content=\"article\" \/>\n<meta property=\"og:title\" content=\"perfume ASAD original Masculino |EJOKI COMERCIAL\" \/>\n<meta property=\"og:description\" content=\"Compre o perfume ASAD original Masculino, fragr\u00e2ncia intensa, marcante e de longa dura\u00e7\u00e3o. Ideal para homens elegantes. Venda segura na EJOKI COMERCIAL\" \/>\n<meta property=\"og:url\" content=\"https:\/\/ejokicomercial.com.ao\/index.php\/produto\/perfume-asad-original\/\" \/>\n<meta property=\"og:site_name\" content=\"EJOKI COMERCIAL\" \/>\n<meta property=\"article:modified_time\" content=\"2026-02-11T03:29:15+00:00\" \/>\n<meta property=\"og:image\" content=\"https:\/\/ejokicomercial.com.ao\/wp-content\/uploads\/2026\/02\/arabe-77-d03a8b6033ecc5f06917233950992128-1024-1024.webp\" \/>\n\t<meta property=\"og:image:width\" content=\"1024\" \/>\n\t<meta property=\"og:image:height\" content=\"1280\" \/>\n\t<meta property=\"og:image:type\" content=\"image\/webp\" \/>\n<meta name=\"twitter:card\" content=\"summary_large_image\" \/>\n<meta name=\"twitter:label1\" content=\"Est. tempo de leitura\" \/>\n\t<meta name=\"twitter:data1\" content=\"1 minuto\" \/>\n<script type=\"application\/ld+json\" class=\"yoast-schema-graph\">{\"@context\":\"https:\\\/\\\/schema.org\",\"@graph\":[{\"@type\":\"WebPage\",\"@id\":\"https:\\\/\\\/ejokicomercial.com.ao\\\/index.php\\\/produto\\\/perfume-asad-original\\\/\",\"url\":\"https:\\\/\\\/ejokicomercial.com.ao\\\/index.php\\\/produto\\\/perfume-asad-original\\\/\",\"name\":\"perfume ASAD original Masculino |EJOKI COMERCIAL\",\"isPartOf\":{\"@id\":\"https:\\\/\\\/ejokicomercial.com.ao\\\/#website\"},\"primaryImageOfPage\":{\"@id\":\"https:\\\/\\\/ejokicomercial.com.ao\\\/index.php\\\/produto\\\/perfume-asad-original\\\/#primaryimage\"},\"image\":{\"@id\":\"https:\\\/\\\/ejokicomercial.com.ao\\\/index.php\\\/produto\\\/perfume-asad-original\\\/#primaryimage\"},\"thumbnailUrl\":\"https:\\\/\\\/ejokicomercial.com.ao\\\/wp-content\\\/uploads\\\/2026\\\/02\\\/arabe-77-d03a8b6033ecc5f06917233950992128-1024-1024-240x300.webp\",\"datePublished\":\"2026-02-09T21:50:52+00:00\",\"dateModified\":\"2026-02-11T03:29:15+00:00\",\"description\":\"Compre o perfume ASAD original Masculino, fragr\u00e2ncia intensa, marcante e de longa dura\u00e7\u00e3o. Ideal para homens elegantes. Venda segura na EJOKI COMERCIAL\",\"breadcrumb\":{\"@id\":\"https:\\\/\\\/ejokicomercial.com.ao\\\/index.php\\\/produto\\\/perfume-asad-original\\\/#breadcrumb\"},\"inLanguage\":\"pt-BR\",\"potentialAction\":[{\"@type\":\"ReadAction\",\"target\":[\"https:\\\/\\\/ejokicomercial.com.ao\\\/index.php\\\/produto\\\/perfume-asad-original\\\/\"]}]},{\"@type\":\"ImageObject\",\"inLanguage\":\"pt-BR\",\"@id\":\"https:\\\/\\\/ejokicomercial.com.ao\\\/index.php\\\/produto\\\/perfume-asad-original\\\/#primaryimage\",\"url\":\"https:\\\/\\\/ejokicomercial.com.ao\\\/wp-content\\\/uploads\\\/2026\\\/02\\\/arabe-77-d03a8b6033ecc5f06917233950992128-1024-1024.webp\",\"contentUrl\":\"https:\\\/\\\/ejokicomercial.com.ao\\\/wp-content\\\/uploads\\\/2026\\\/02\\\/arabe-77-d03a8b6033ecc5f06917233950992128-1024-1024.webp\",\"width\":1024,\"height\":1280},{\"@type\":\"BreadcrumbList\",\"@id\":\"https:\\\/\\\/ejokicomercial.com.ao\\\/index.php\\\/produto\\\/perfume-asad-original\\\/#breadcrumb\",\"itemListElement\":[{\"@type\":\"ListItem\",\"position\":1,\"name\":\"In\u00edcio\",\"item\":\"https:\\\/\\\/ejokicomercial.com.ao\\\/index.php\\\/home\\\/\"},{\"@type\":\"ListItem\",\"position\":2,\"name\":\"Loja\",\"item\":\"https:\\\/\\\/ejokicomercial.com.ao\\\/index.php\\\/loja\\\/\"},{\"@type\":\"ListItem\",\"position\":3,\"name\":\"perfume ASAD original Masculino\"}]},{\"@type\":\"WebSite\",\"@id\":\"https:\\\/\\\/ejokicomercial.com.ao\\\/#website\",\"url\":\"https:\\\/\\\/ejokicomercial.com.ao\\\/\",\"name\":\"ejoki comercial\",\"description\":\"\",\"publisher\":{\"@id\":\"https:\\\/\\\/ejokicomercial.com.ao\\\/#\\\/schema\\\/person\\\/384b371da37b2c78d3faf856007cb786\"},\"potentialAction\":[{\"@type\":\"SearchAction\",\"target\":{\"@type\":\"EntryPoint\",\"urlTemplate\":\"https:\\\/\\\/ejokicomercial.com.ao\\\/?s={search_term_string}\"},\"query-input\":{\"@type\":\"PropertyValueSpecification\",\"valueRequired\":true,\"valueName\":\"search_term_string\"}}],\"inLanguage\":\"pt-BR\"},{\"@type\":[\"Person\",\"Organization\"],\"@id\":\"https:\\\/\\\/ejokicomercial.com.ao\\\/#\\\/schema\\\/person\\\/384b371da37b2c78d3faf856007cb786\",\"name\":\"admin\",\"image\":{\"@type\":\"ImageObject\",\"inLanguage\":\"pt-BR\",\"@id\":\"https:\\\/\\\/ejokicomercial.com.ao\\\/wp-content\\\/uploads\\\/2026\\\/02\\\/cropped-logo-1.png\",\"url\":\"https:\\\/\\\/ejokicomercial.com.ao\\\/wp-content\\\/uploads\\\/2026\\\/02\\\/cropped-logo-1.png\",\"contentUrl\":\"https:\\\/\\\/ejokicomercial.com.ao\\\/wp-content\\\/uploads\\\/2026\\\/02\\\/cropped-logo-1.png\",\"width\":512,\"height\":512,\"caption\":\"admin\"},\"logo\":{\"@id\":\"https:\\\/\\\/ejokicomercial.com.ao\\\/wp-content\\\/uploads\\\/2026\\\/02\\\/cropped-logo-1.png\"},\"sameAs\":[\"https:\\\/\\\/ejokicomercial.com.ao\"]}]}<\/script>\n<!-- \/ Yoast SEO plugin. -->","yoast_head_json":{"title":"perfume ASAD original Masculino |EJOKI COMERCIAL","description":"Compre o perfume ASAD original Masculino, fragr\u00e2ncia intensa, marcante e de longa dura\u00e7\u00e3o. Ideal para homens elegantes. Venda segura na EJOKI COMERCIAL","robots":{"index":"index","follow":"follow","max-snippet":"max-snippet:-1","max-image-preview":"max-image-preview:large","max-video-preview":"max-video-preview:-1"},"canonical":"https:\/\/ejokicomercial.com.ao\/index.php\/produto\/perfume-asad-original\/","og_locale":"pt_BR","og_type":"article","og_title":"perfume ASAD original Masculino |EJOKI COMERCIAL","og_description":"Compre o perfume ASAD original Masculino, fragr\u00e2ncia intensa, marcante e de longa dura\u00e7\u00e3o. Ideal para homens elegantes. Venda segura na EJOKI COMERCIAL","og_url":"https:\/\/ejokicomercial.com.ao\/index.php\/produto\/perfume-asad-original\/","og_site_name":"EJOKI COMERCIAL","article_modified_time":"2026-02-11T03:29:15+00:00","og_image":[{"width":1024,"height":1280,"url":"https:\/\/ejokicomercial.com.ao\/wp-content\/uploads\/2026\/02\/arabe-77-d03a8b6033ecc5f06917233950992128-1024-1024.webp","type":"image\/webp"}],"twitter_card":"summary_large_image","twitter_misc":{"Est. tempo de leitura":"1 minuto"},"schema":{"@context":"https:\/\/schema.org","@graph":[{"@type":"WebPage","@id":"https:\/\/ejokicomercial.com.ao\/index.php\/produto\/perfume-asad-original\/","url":"https:\/\/ejokicomercial.com.ao\/index.php\/produto\/perfume-asad-original\/","name":"perfume ASAD original Masculino |EJOKI COMERCIAL","isPartOf":{"@id":"https:\/\/ejokicomercial.com.ao\/#website"},"primaryImageOfPage":{"@id":"https:\/\/ejokicomercial.com.ao\/index.php\/produto\/perfume-asad-original\/#primaryimage"},"image":{"@id":"https:\/\/ejokicomercial.com.ao\/index.php\/produto\/perfume-asad-original\/#primaryimage"},"thumbnailUrl":"https:\/\/ejokicomercial.com.ao\/wp-content\/uploads\/2026\/02\/arabe-77-d03a8b6033ecc5f06917233950992128-1024-1024-240x300.webp","datePublished":"2026-02-09T21:50:52+00:00","dateModified":"2026-02-11T03:29:15+00:00","description":"Compre o perfume ASAD original Masculino, fragr\u00e2ncia intensa, marcante e de longa dura\u00e7\u00e3o. Ideal para homens elegantes. Venda segura na EJOKI COMERCIAL","breadcrumb":{"@id":"https:\/\/ejokicomercial.com.ao\/index.php\/produto\/perfume-asad-original\/#breadcrumb"},"inLanguage":"pt-BR","potentialAction":[{"@type":"ReadAction","target":["https:\/\/ejokicomercial.com.ao\/index.php\/produto\/perfume-asad-original\/"]}]},{"@type":"ImageObject","inLanguage":"pt-BR","@id":"https:\/\/ejokicomercial.com.ao\/index.php\/produto\/perfume-asad-original\/#primaryimage","url":"https:\/\/ejokicomercial.com.ao\/wp-content\/uploads\/2026\/02\/arabe-77-d03a8b6033ecc5f06917233950992128-1024-1024.webp","contentUrl":"https:\/\/ejokicomercial.com.ao\/wp-content\/uploads\/2026\/02\/arabe-77-d03a8b6033ecc5f06917233950992128-1024-1024.webp","width":1024,"height":1280},{"@type":"BreadcrumbList","@id":"https:\/\/ejokicomercial.com.ao\/index.php\/produto\/perfume-asad-original\/#breadcrumb","itemListElement":[{"@type":"ListItem","position":1,"name":"In\u00edcio","item":"https:\/\/ejokicomercial.com.ao\/index.php\/home\/"},{"@type":"ListItem","position":2,"name":"Loja","item":"https:\/\/ejokicomercial.com.ao\/index.php\/loja\/"},{"@type":"ListItem","position":3,"name":"perfume ASAD original Masculino"}]},{"@type":"WebSite","@id":"https:\/\/ejokicomercial.com.ao\/#website","url":"https:\/\/ejokicomercial.com.ao\/","name":"ejoki comercial","description":"","publisher":{"@id":"https:\/\/ejokicomercial.com.ao\/#\/schema\/person\/384b371da37b2c78d3faf856007cb786"},"potentialAction":[{"@type":"SearchAction","target":{"@type":"EntryPoint","urlTemplate":"https:\/\/ejokicomercial.com.ao\/?s={search_term_string}"},"query-input":{"@type":"PropertyValueSpecification","valueRequired":true,"valueName":"search_term_string"}}],"inLanguage":"pt-BR"},{"@type":["Person","Organization"],"@id":"https:\/\/ejokicomercial.com.ao\/#\/schema\/person\/384b371da37b2c78d3faf856007cb786","name":"admin","image":{"@type":"ImageObject","inLanguage":"pt-BR","@id":"https:\/\/ejokicomercial.com.ao\/wp-content\/uploads\/2026\/02\/cropped-logo-1.png","url":"https:\/\/ejokicomercial.com.ao\/wp-content\/uploads\/2026\/02\/cropped-logo-1.png","contentUrl":"https:\/\/ejokicomercial.com.ao\/wp-content\/uploads\/2026\/02\/cropped-logo-1.png","width":512,"height":512,"caption":"admin"},"logo":{"@id":"https:\/\/ejokicomercial.com.ao\/wp-content\/uploads\/2026\/02\/cropped-logo-1.png"},"sameAs":["https:\/\/ejokicomercial.com.ao"]}]}},"jetpack_sharing_enabled":true,"_links":{"self":[{"href":"https:\/\/ejokicomercial.com.ao\/index.php\/wp-json\/wp\/v2\/product\/337","targetHints":{"allow":["GET"]}}],"collection":[{"href":"https:\/\/ejokicomercial.com.ao\/index.php\/wp-json\/wp\/v2\/product"}],"about":[{"href":"https:\/\/ejokicomercial.com.ao\/index.php\/wp-json\/wp\/v2\/types\/product"}],"replies":[{"embeddable":true,"href":"https:\/\/ejokicomercial.com.ao\/index.php\/wp-json\/wp\/v2\/comments?post=337"}],"wp:attachment":[{"href":"https:\/\/ejokicomercial.com.ao\/index.php\/wp-json\/wp\/v2\/media?parent=337"}],"wp:term":[{"taxonomy":"product_brand","embeddable":true,"href":"https:\/\/ejokicomercial.com.ao\/index.php\/wp-json\/wp\/v2\/product_brand?post=337"},{"taxonomy":"product_cat","embeddable":true,"href":"https:\/\/ejokicomercial.com.ao\/index.php\/wp-json\/wp\/v2\/product_cat?post=337"},{"taxonomy":"product_tag","embeddable":true,"href":"https:\/\/ejokicomercial.com.ao\/index.php\/wp-json\/wp\/v2\/product_tag?post=337"}],"curies":[{"name":"wp","href":"https:\/\/api.w.org\/{rel}","templated":true}]}}